{"id":2356,"date":"2026-01-06T15:32:56","date_gmt":"2026-01-06T15:32:56","guid":{"rendered":"https:\/\/steveprojects.com\/index.php\/technophile-portfolio-page-2\/"},"modified":"2026-03-24T21:16:09","modified_gmt":"2026-03-24T21:16:09","slug":"stevesportfolio","status":"publish","type":"page","link":"https:\/\/steveprojects.com\/index.php\/stevesportfolio\/","title":{"rendered":"Portf\u00f3li\u00f3 | SteveProjects.com"},"content":{"rendered":"\t\t<div data-elementor-type=\"wp-page\" data-elementor-id=\"2356\" class=\"elementor elementor-2356\">\n\t\t\t\t\t\t<section class=\"elementor-section elementor-top-section elementor-element elementor-element-4eda5b5 elementor-section-full_width elementor-section-height-min-height elementor-section-height-default elementor-section-items-middle\" data-id=\"4eda5b5\" data-element_type=\"section\" data-e-type=\"section\">\n\t\t\t\t\t\t<div class=\"elementor-container elementor-column-gap-no\">\n\t\t\t\t\t<div class=\"elementor-column elementor-col-100 elementor-top-column elementor-element elementor-element-dc20e19\" data-id=\"dc20e19\" data-element_type=\"column\" data-e-type=\"column\">\n\t\t\t<div class=\"elementor-widget-wrap elementor-element-populated\">\n\t\t\t\t\t\t<div class=\"elementor-element elementor-element-8989523 animated-slow elementor-widget__width-initial elementor-widget-mobile__width-initial elementor-absolute elementor-invisible elementor-widget elementor-widget-image\" data-id=\"8989523\" data-element_type=\"widget\" data-e-type=\"widget\" data-settings=\"{&quot;_animation&quot;:&quot;slideInLeft&quot;,&quot;_animation_delay&quot;:1000,&quot;_position&quot;:&quot;absolute&quot;}\" data-widget_type=\"image.default\">\n\t\t\t\t\t\t\t\t\t\t\t\t\t\t\t<img fetchpriority=\"high\" decoding=\"async\" width=\"217\" height=\"651\" src=\"https:\/\/steveprojects.com\/wp-content\/uploads\/2024\/03\/734ce554-hero-shape-left.png\" class=\"attachment-full size-full wp-image-2186\" alt=\"\" srcset=\"https:\/\/steveprojects.com\/wp-content\/uploads\/2024\/03\/734ce554-hero-shape-left.png 217w, https:\/\/steveprojects.com\/wp-content\/uploads\/2024\/03\/734ce554-hero-shape-left-100x300.png 100w\" sizes=\"(max-width: 217px) 100vw, 217px\" \/>\t\t\t\t\t\t\t\t\t\t\t\t\t\t\t<\/div>\n\t\t\t\t<div class=\"elementor-element elementor-element-d0f53d0 elementor-widget__width-initial elementor-widget-mobile__width-initial elementor-absolute elementor-invisible elementor-widget elementor-widget-image\" data-id=\"d0f53d0\" data-element_type=\"widget\" data-e-type=\"widget\" data-settings=\"{&quot;_animation&quot;:&quot;slideInRight&quot;,&quot;_animation_delay&quot;:1000,&quot;_position&quot;:&quot;absolute&quot;}\" data-widget_type=\"image.default\">\n\t\t\t\t\t\t\t\t\t\t\t\t\t\t\t<img decoding=\"async\" width=\"217\" height=\"651\" src=\"https:\/\/steveprojects.com\/wp-content\/uploads\/2024\/03\/c42f703a-hero-shape-right.png\" class=\"attachment-full size-full wp-image-2187\" alt=\"\" srcset=\"https:\/\/steveprojects.com\/wp-content\/uploads\/2024\/03\/c42f703a-hero-shape-right.png 217w, https:\/\/steveprojects.com\/wp-content\/uploads\/2024\/03\/c42f703a-hero-shape-right-100x300.png 100w\" sizes=\"(max-width: 217px) 100vw, 217px\" \/>\t\t\t\t\t\t\t\t\t\t\t\t\t\t\t<\/div>\n\t\t\t\t<section class=\"elementor-section elementor-inner-section elementor-element elementor-element-6cf40c6 elementor-section-boxed elementor-section-height-default elementor-section-height-default\" data-id=\"6cf40c6\" data-element_type=\"section\" data-e-type=\"section\">\n\t\t\t\t\t\t<div class=\"elementor-container elementor-column-gap-default\">\n\t\t\t\t\t<div class=\"elementor-column elementor-col-100 elementor-inner-column elementor-element elementor-element-479c1bf\" data-id=\"479c1bf\" data-element_type=\"column\" data-e-type=\"column\">\n\t\t\t<div class=\"elementor-widget-wrap elementor-element-populated\">\n\t\t\t\t\t\t<div class=\"elementor-element elementor-element-1955f46 elementor-invisible elementor-widget elementor-widget-heading\" data-id=\"1955f46\" data-element_type=\"widget\" data-e-type=\"widget\" data-settings=\"{&quot;_animation&quot;:&quot;fadeInUp&quot;}\" data-widget_type=\"heading.default\">\n\t\t\t\t\t<h1 class=\"elementor-heading-title elementor-size-default\">Portfolio<\/h1>\t\t\t\t<\/div>\n\t\t\t\t<div class=\"elementor-element elementor-element-36a340d elementor-invisible elementor-widget elementor-widget-heading\" data-id=\"36a340d\" data-element_type=\"widget\" data-e-type=\"widget\" data-settings=\"{&quot;_animation&quot;:&quot;fadeInUp&quot;}\" data-widget_type=\"heading.default\">\n\t\t\t\t\t<p class=\"elementor-heading-title elementor-size-default\">Olyan szoftveres megold\u00e1sok fejleszt\u00e9s\u00e9ben tudok seg\u00edteni, amelyek m\u00e9rhet\u0151en egyszer\u0171s\u00edtik a folyamatokat, automatiz\u00e1lnak feladatokat, \u00e9s \u00e1tl\u00e1that\u00f3v\u00e1 teszik az adatokat. Er\u0151ss\u00e9gem a C#\/.NET alap\u00fa alkalmaz\u00e1sfejleszt\u00e9s (Windows Forms, backend logika, adatb\u00e1zisok), a webes automatiz\u00e1ci\u00f3 \u00e9s webscraping (Selenium, HtmlAgilityPack), valamint a Pythonos adatgy\u0171jt\u00e9s \u00e9s -feldolgoz\u00e1s.\n\nK\u00fcl\u00f6n\u00f6sen otthonosan mozgok monitoring \u00e9s elemz\u0151 rendszerek \u00e9p\u00edt\u00e9s\u00e9ben: adatgy\u0171jt\u00e9s, struktur\u00e1lt t\u00e1rol\u00e1s (CSV\/SQLite), ki\u00e9rt\u00e9kel\u00e9s, riportok \u00e9s modern fel\u00fclet megval\u00f3s\u00edt\u00e1sa. Emellett Azure DevOps k\u00f6rnyezetben CI\/CD folyamatokkal, build\u2013release pipeline-okkal \u00e9s min\u0151s\u00e9gi ellen\u0151rz\u00e9sekkel is foglalkozom, \u00e9s fontosnak tartom a j\u00f3l karbantartott dokument\u00e1ci\u00f3t (Confluence). Ha gyors, tiszta \u00e9s stabil megold\u00e1s kell egy konkr\u00e9t probl\u00e9m\u00e1ra, sz\u00edvesen seg\u00edtek a tervez\u00e9st\u0151l a megval\u00f3s\u00edt\u00e1sig.<\/p>\t\t\t\t<\/div>\n\t\t\t\t<div class=\"elementor-element elementor-element-f768edb elementor-invisible elementor-widget elementor-widget-heading\" data-id=\"f768edb\" data-element_type=\"widget\" data-e-type=\"widget\" data-settings=\"{&quot;_animation&quot;:&quot;fadeInUp&quot;}\" data-widget_type=\"heading.default\">\n\t\t\t\t\t<p class=\"elementor-heading-title elementor-size-default\">\u00c9rdekelt vagy a t\u00e9m\u00e1ban?<\/p>\t\t\t\t<\/div>\n\t\t\t\t<div class=\"elementor-element elementor-element-95b8f0a animated-slow elementor-widget__width-auto elementor-invisible elementor-widget elementor-widget-eael-creative-button\" data-id=\"95b8f0a\" data-element_type=\"widget\" data-e-type=\"widget\" data-settings=\"{&quot;_animation&quot;:&quot;fadeInUp&quot;,&quot;_animation_delay&quot;:1000}\" data-widget_type=\"eael-creative-button.default\">\n\t\t\t\t\t        <div class=\"eael-creative-button-wrapper\">\n\n            <a class=\"eael-creative-button eael-creative-button--rayen eael-cb-icon-position-\" href=\"https:\/\/steveprojects.com\/index.php\/stevescontacts\/\" data-text=\"\ud83d\ude80\ud83d\ude80\ud83d\ude80\">\n            \t    \n                <div class=\"creative-button-inner\">\n\n                    \n                    <span class=\"cretive-button-text\">L\u00e9pj\u00fcnk kapcsolatba!<\/span>\n\n                                    <\/div>\n\t                        <\/a>\n        <\/div>\n        \t\t\t\t<\/div>\n\t\t\t\t\t<\/div>\n\t\t<\/div>\n\t\t\t\t\t<\/div>\n\t\t<\/section>\n\t\t\t\t\t<\/div>\n\t\t<\/div>\n\t\t\t\t\t<\/div>\n\t\t<\/section>\n\t\t\t\t<section class=\"elementor-section elementor-top-section elementor-element elementor-element-36d356a elementor-section-boxed elementor-section-height-default elementor-section-height-default\" data-id=\"36d356a\" data-element_type=\"section\" data-e-type=\"section\">\n\t\t\t\t\t\t<div class=\"elementor-container elementor-column-gap-no\">\n\t\t\t\t\t<div class=\"elementor-column elementor-col-100 elementor-top-column elementor-element elementor-element-e6f1814\" data-id=\"e6f1814\" data-element_type=\"column\" data-e-type=\"column\">\n\t\t\t<div class=\"elementor-widget-wrap elementor-element-populated\">\n\t\t\t\t\t\t<section class=\"elementor-section elementor-inner-section elementor-element elementor-element-ba519ad elementor-section-boxed elementor-section-height-default elementor-section-height-default\" data-id=\"ba519ad\" data-element_type=\"section\" data-e-type=\"section\">\n\t\t\t\t\t\t<div class=\"elementor-container elementor-column-gap-default\">\n\t\t\t\t\t<div class=\"elementor-column elementor-col-100 elementor-inner-column elementor-element elementor-element-d6b1e31\" data-id=\"d6b1e31\" data-element_type=\"column\" data-e-type=\"column\">\n\t\t\t<div class=\"elementor-widget-wrap elementor-element-populated\">\n\t\t\t\t\t\t<div class=\"elementor-element elementor-element-c450e15 elementor-invisible elementor-widget elementor-widget-heading\" data-id=\"c450e15\" data-element_type=\"widget\" data-e-type=\"widget\" data-settings=\"{&quot;_animation&quot;:&quot;fadeInUp&quot;}\" data-widget_type=\"heading.default\">\n\t\t\t\t\t<h2 class=\"elementor-heading-title elementor-size-default\">Tov\u00e1bbi szolg\u00e1ltat\u00e1saim<\/h2>\t\t\t\t<\/div>\n\t\t\t\t<div class=\"elementor-element elementor-element-0af0ee3 elementor-widget__width-auto elementor-invisible elementor-widget elementor-widget-heading\" data-id=\"0af0ee3\" data-element_type=\"widget\" data-e-type=\"widget\" data-settings=\"{&quot;_animation&quot;:&quot;fadeInUp&quot;}\" data-widget_type=\"heading.default\">\n\t\t\t\t\t<p class=\"elementor-heading-title elementor-size-default\">Tan\u00e1csad\u00e1s \u00e9s konzult\u00e1ci\u00f3 keret\u00e9ben seg\u00edtek a probl\u00e9m\u00e1k pontos felt\u00e9rk\u00e9pez\u00e9s\u00e9ben, a c\u00e9lok \u00e9s k\u00f6vetelm\u00e9nyek tiszt\u00e1z\u00e1s\u00e1ban, valamint a legjobb technikai ir\u00e1ny kiv\u00e1laszt\u00e1s\u00e1ban. Rendszertervez\u00e9s sor\u00e1n \u00e1tgondolt architekt\u00far\u00e1t, adatfolyamot \u00e9s komponens-felbont\u00e1st k\u00e9sz\u00edtek, figyelembe v\u00e9ve a sk\u00e1l\u00e1zhat\u00f3s\u00e1got, biztons\u00e1got, karbantarthat\u00f3s\u00e1got \u00e9s a k\u00e9s\u0151bbi b\u0151v\u00edthet\u0151s\u00e9get.<\/p>\t\t\t\t<\/div>\n\t\t\t\t\t<\/div>\n\t\t<\/div>\n\t\t\t\t\t<\/div>\n\t\t<\/section>\n\t\t\t\t\t<\/div>\n\t\t<\/div>\n\t\t\t\t\t<\/div>\n\t\t<\/section>\n\t\t\t\t<\/div>\n\t\t","protected":false},"excerpt":{"rendered":"<p>Portfolio Olyan szoftveres megold\u00e1sok fejleszt\u00e9s\u00e9ben tudok seg\u00edteni, amelyek m\u00e9rhet\u0151en egyszer\u0171s\u00edtik a folyamatokat, automatiz\u00e1lnak feladatokat, \u00e9s \u00e1tl\u00e1that\u00f3v\u00e1 teszik az adatokat. Er\u0151ss\u00e9gem a C#\/.NET alap\u00fa alkalmaz\u00e1sfejleszt\u00e9s (Windows Forms, backend logika, adatb\u00e1zisok), a webes automatiz\u00e1ci\u00f3 \u00e9s webscraping (Selenium, HtmlAgilityPack), valamint a Pythonos adatgy\u0171jt\u00e9s \u00e9s -feldolgoz\u00e1s. K\u00fcl\u00f6n\u00f6sen otthonosan mozgok monitoring \u00e9s elemz\u0151 rendszerek \u00e9p\u00edt\u00e9s\u00e9ben: adatgy\u0171jt\u00e9s, struktur\u00e1lt t\u00e1rol\u00e1s (CSV\/SQLite), ki\u00e9rt\u00e9kel\u00e9s, [&hellip;]<\/p>\n","protected":false},"author":1,"featured_media":0,"parent":0,"menu_order":0,"comment_status":"closed","ping_status":"closed","template":"elementor_header_footer","meta":{"footnotes":""},"class_list":["post-2356","page","type-page","status-publish","hentry"],"_links":{"self":[{"href":"https:\/\/steveprojects.com\/index.php\/wp-json\/wp\/v2\/pages\/2356","targetHints":{"allow":["GET"]}}],"collection":[{"href":"https:\/\/steveprojects.com\/index.php\/wp-json\/wp\/v2\/pages"}],"about":[{"href":"https:\/\/steveprojects.com\/index.php\/wp-json\/wp\/v2\/types\/page"}],"author":[{"embeddable":true,"href":"https:\/\/steveprojects.com\/index.php\/wp-json\/wp\/v2\/users\/1"}],"replies":[{"embeddable":true,"href":"https:\/\/steveprojects.com\/index.php\/wp-json\/wp\/v2\/comments?post=2356"}],"version-history":[{"count":22,"href":"https:\/\/steveprojects.com\/index.php\/wp-json\/wp\/v2\/pages\/2356\/revisions"}],"predecessor-version":[{"id":2736,"href":"https:\/\/steveprojects.com\/index.php\/wp-json\/wp\/v2\/pages\/2356\/revisions\/2736"}],"wp:attachment":[{"href":"https:\/\/steveprojects.com\/index.php\/wp-json\/wp\/v2\/media?parent=2356"}],"curies":[{"name":"wp","href":"https:\/\/api.w.org\/{rel}","templated":true}]}}